{"id":164,"date":"2014-09-25T06:16:54","date_gmt":"2014-09-25T06:16:54","guid":{"rendered":"http:\/\/demo.krownthemes.com\/koncept\/?page_id=164"},"modified":"2021-10-29T10:23:57","modified_gmt":"2021-10-29T08:23:57","slug":"contact","status":"publish","type":"page","link":"https:\/\/www.chat-bras-oui.com\/index.php\/contact\/","title":{"rendered":"Contact"},"content":{"rendered":"<div class=\"krown-column-row clearfix wpb_row krown-column-row clearfix-fluid\"><\/div>\n\t<div class=\"krown-column-container clearfix span4\" style=\"padding-top: 100px;padding-bottom: 80px;\">\n\t\t<div class=\"krown-section-title clearfix large  align-left\" style=\"margin-bottom:30px;text-align:left\"><h3>Restons en contact !<\/h3><h5>N'h\u00e9sitez pas \u00e0 me contacter pour un devis ou une information suppl\u00e9mentaire.<\/h5><\/div>\n\t\t\t<p>Magued El Chabrawi<\/p>\n<p><strong>06 81 94 77 82<br \/>\nmagued@chat-bras-oui.com<\/strong><\/p>\n<p>14 B rue Dumont d&rsquo;Urville<br \/>\n69004 Lyon<\/p>\n\n\t<\/div> \n\n\t<div class=\"krown-column-container clearfix span8\" style=\"padding-top: 100px;padding-bottom: 80px;\">\n\t\t\n\t<\/div>\n","protected":false},"excerpt":{"rendered":"Restons en contact !N'h\u00e9sitez pas \u00e0 me contacter pour un devis ou une information suppl\u00e9mentaire. Magued El Chabrawi 06 81 94 77 82 magued@chat-bras-oui.com 14 B rue Dumont d'Urville 69004 Lyon","protected":false},"author":1,"featured_media":0,"parent":0,"menu_order":1,"comment_status":"closed","ping_status":"open","template":"template-contact.php","meta":[],"_links":{"self":[{"href":"https:\/\/www.chat-bras-oui.com\/index.php\/wp-json\/wp\/v2\/pages\/164"}],"collection":[{"href":"https:\/\/www.chat-bras-oui.com\/index.php\/wp-json\/wp\/v2\/pages"}],"about":[{"href":"https:\/\/www.chat-bras-oui.com\/index.php\/wp-json\/wp\/v2\/types\/page"}],"author":[{"embeddable":true,"href":"https:\/\/www.chat-bras-oui.com\/index.php\/wp-json\/wp\/v2\/users\/1"}],"replies":[{"embeddable":true,"href":"https:\/\/www.chat-bras-oui.com\/index.php\/wp-json\/wp\/v2\/comments?post=164"}],"version-history":[{"count":5,"href":"https:\/\/www.chat-bras-oui.com\/index.php\/wp-json\/wp\/v2\/pages\/164\/revisions"}],"predecessor-version":[{"id":1260,"href":"https:\/\/www.chat-bras-oui.com\/index.php\/wp-json\/wp\/v2\/pages\/164\/revisions\/1260"}],"wp:attachment":[{"href":"https:\/\/www.chat-bras-oui.com\/index.php\/wp-json\/wp\/v2\/media?parent=164"}],"curies":[{"name":"wp","href":"https:\/\/api.w.org\/{rel}","templated":true}]}}